{"id":3187,"date":"2023-11-15T16:58:27","date_gmt":"2023-11-15T15:58:27","guid":{"rendered":"https:\/\/cloudware.pl\/?page_id=3187"},"modified":"2023-11-15T17:08:25","modified_gmt":"2023-11-15T16:08:25","slug":"dziekujemy-za-twoja-aplikacje","status":"publish","type":"page","link":"https:\/\/cloudware.pl\/en\/dziekujemy-za-twoja-aplikacje\/","title":{"rendered":"Dzi\u0119kujemy za Twoj\u0105 aplikacj\u0119!"},"content":{"rendered":"<div data-elementor-type=\"wp-page\" data-elementor-id=\"3187\" class=\"elementor elementor-3187\" data-elementor-post-type=\"page\">\n\t\t\t\t\t\t<section class=\"elementor-section elementor-top-section elementor-element elementor-element-fdd96cb elementor-section-boxed elementor-section-height-default elementor-section-height-default\" data-id=\"fdd96cb\" data-element_type=\"section\" data-e-type=\"section\">\n\t\t\t\t\t\t<div class=\"elementor-container elementor-column-gap-default\">\n\t\t\t\t\t<div class=\"elementor-column elementor-col-100 elementor-top-column elementor-element elementor-element-5171677\" data-id=\"5171677\" data-element_type=\"column\" data-e-type=\"column\">\n\t\t\t<div class=\"elementor-widget-wrap elementor-element-populated\">\n\t\t\t\t\t\t<div class=\"elementor-element elementor-element-6c52df6 elementor-view-default elementor-widget elementor-widget-icon\" data-id=\"6c52df6\" data-element_type=\"widget\" data-e-type=\"widget\" data-widget_type=\"icon.default\">\n\t\t\t\t<div class=\"elementor-widget-container\">\n\t\t\t\t\t\t\t<div class=\"elementor-icon-wrapper\">\n\t\t\t<div class=\"elementor-icon\">\n\t\t\t<svg xmlns=\"http:\/\/www.w3.org\/2000\/svg\" xmlns:xlink=\"http:\/\/www.w3.org\/1999\/xlink\" id=\"Capa_1\" x=\"0px\" y=\"0px\" viewbox=\"0 0 408.576 408.576\" style=\"enable-background:new 0 0 408.576 408.576;\" xml:space=\"preserve\"><g>\t<g>\t\t<path d=\"M204.288,0C91.648,0,0,91.648,0,204.288s91.648,204.288,204.288,204.288s204.288-91.648,204.288-204.288   S316.928,0,204.288,0z M318.464,150.528l-130.56,129.536c-7.68,7.68-19.968,8.192-28.16,0.512L90.624,217.6   c-8.192-7.68-8.704-20.48-1.536-28.672c7.68-8.192,20.48-8.704,28.672-1.024l54.784,50.176L289.28,121.344   c8.192-8.192,20.992-8.192,29.184,0C326.656,129.536,326.656,142.336,318.464,150.528z\"><\/path>\t<\/g><\/g><g><\/g><g><\/g><g><\/g><g><\/g><g><\/g><g><\/g><g><\/g><g><\/g><g><\/g><g><\/g><g><\/g><g><\/g><g><\/g><g><\/g><g><\/g><\/svg>\t\t\t<\/div>\n\t\t<\/div>\n\t\t\t\t\t\t<\/div>\n\t\t\t\t<\/div>\n\t\t\t\t<div class=\"elementor-element elementor-element-1eb59d8 elementor-widget elementor-widget-heading\" data-id=\"1eb59d8\" data-element_type=\"widget\" data-e-type=\"widget\" data-widget_type=\"heading.default\">\n\t\t\t\t<div class=\"elementor-widget-container\">\n\t\t\t\t\t<h2 class=\"elementor-heading-title elementor-size-default\">Dzi\u0119kujemy za Twoj\u0105 aplikacj\u0119!<\/h2>\t\t\t\t<\/div>\n\t\t\t\t<\/div>\n\t\t\t\t<div class=\"elementor-element elementor-element-3fa22f6 elementor-widget elementor-widget-heading\" data-id=\"3fa22f6\" data-element_type=\"widget\" data-e-type=\"widget\" data-widget_type=\"heading.default\">\n\t\t\t\t<div class=\"elementor-widget-container\">\n\t\t\t\t\t<h3 class=\"elementor-heading-title elementor-size-default\">Super, \u017ce chcesz si\u0119 u nas rozwija\u0107.\n\n<br \/>\n\nTwoja aplikacja zosta\u0142a dostarczona do dzia\u0142u HR.<\/h3>\t\t\t\t<\/div>\n\t\t\t\t<\/div>\n\t\t\t\t<div class=\"elementor-element elementor-element-189ccb9 elementor-align-center elementor-mobile-align-center elementor-widget elementor-widget-button\" data-id=\"189ccb9\" data-element_type=\"widget\" data-e-type=\"widget\" data-widget_type=\"button.default\">\n\t\t\t\t<div class=\"elementor-widget-container\">\n\t\t\t\t\t\t\t\t\t<div class=\"elementor-button-wrapper\">\n\t\t\t\t\t<a class=\"elementor-button elementor-button-link elementor-size-sm\" href=\"https:\/\/cloudware.pl\/en\/\">\n\t\t\t\t\t\t<span class=\"elementor-button-content-wrapper\">\n\t\t\t\t\t\t\t\t\t<span class=\"elementor-button-text\">Strona g\u0142\u00f3wna<\/span>\n\t\t\t\t\t<\/span>\n\t\t\t\t\t<\/a>\n\t\t\t\t<\/div>\n\t\t\t\t\t\t\t\t<\/div>\n\t\t\t\t<\/div>\n\t\t\t\t\t<\/div>\n\t\t<\/div>\n\t\t\t\t\t<\/div>\n\t\t<\/section>\n\t\t\t\t<\/div>","protected":false},"excerpt":{"rendered":"<p>Dzi\u0119kujemy za Twoj\u0105 aplikacj\u0119! Super, \u017ce chcesz si\u0119 u nas rozwija\u0107. Twoja aplikacja zosta\u0142a dostarczona do dzia\u0142u HR. Strona g\u0142\u00f3wna<\/p>","protected":false},"author":2,"featured_media":0,"parent":0,"menu_order":0,"comment_status":"closed","ping_status":"closed","template":"","meta":{"footnotes":""},"class_list":["post-3187","page","type-page","status-publish","hentry"],"_links":{"self":[{"href":"https:\/\/cloudware.pl\/en\/wp-json\/wp\/v2\/pages\/3187","targetHints":{"allow":["GET"]}}],"collection":[{"href":"https:\/\/cloudware.pl\/en\/wp-json\/wp\/v2\/pages"}],"about":[{"href":"https:\/\/cloudware.pl\/en\/wp-json\/wp\/v2\/types\/page"}],"author":[{"embeddable":true,"href":"https:\/\/cloudware.pl\/en\/wp-json\/wp\/v2\/users\/2"}],"replies":[{"embeddable":true,"href":"https:\/\/cloudware.pl\/en\/wp-json\/wp\/v2\/comments?post=3187"}],"version-history":[{"count":55,"href":"https:\/\/cloudware.pl\/en\/wp-json\/wp\/v2\/pages\/3187\/revisions"}],"predecessor-version":[{"id":3244,"href":"https:\/\/cloudware.pl\/en\/wp-json\/wp\/v2\/pages\/3187\/revisions\/3244"}],"wp:attachment":[{"href":"https:\/\/cloudware.pl\/en\/wp-json\/wp\/v2\/media?parent=3187"}],"curies":[{"name":"wp","href":"https:\/\/api.w.org\/{rel}","templated":true}]}}