{"id":1056,"date":"2023-02-12T10:00:35","date_gmt":"2023-02-12T10:00:35","guid":{"rendered":"http:\/\/137.117.179.127\/?page_id=1056"},"modified":"2025-04-16T21:25:00","modified_gmt":"2025-04-16T19:25:00","slug":"certyfikaty-iso","status":"publish","type":"page","link":"https:\/\/cloudware.pl\/en\/certyfikaty-iso\/","title":{"rendered":"ISO certifications"},"content":{"rendered":"<div data-elementor-type=\"wp-page\" data-elementor-id=\"1056\" class=\"elementor elementor-1056\" data-elementor-post-type=\"page\">\n\t\t\t\t\t\t<section class=\"elementor-section elementor-top-section elementor-element elementor-element-60e1ff8 elementor-section-content-middle elementor-section-boxed elementor-section-height-default elementor-section-height-default\" data-id=\"60e1ff8\" data-element_type=\"section\" data-e-type=\"section\">\n\t\t\t\t\t\t<div class=\"elementor-container elementor-column-gap-default\">\n\t\t\t\t\t<div class=\"elementor-column elementor-col-50 elementor-top-column elementor-element elementor-element-65f1868\" data-id=\"65f1868\" data-element_type=\"column\" data-e-type=\"column\">\n\t\t\t<div class=\"elementor-widget-wrap elementor-element-populated\">\n\t\t\t\t\t\t<section class=\"elementor-section elementor-inner-section elementor-element elementor-element-9e1b533 elementor-section-content-middle elementor-section-boxed elementor-section-height-default elementor-section-height-default\" data-id=\"9e1b533\" data-element_type=\"section\" data-e-type=\"section\">\n\t\t\t\t\t\t<div class=\"elementor-container elementor-column-gap-no\">\n\t\t\t\t\t<div class=\"elementor-column elementor-col-100 elementor-inner-column elementor-element elementor-element-bea0588\" data-id=\"bea0588\" data-element_type=\"column\" data-e-type=\"column\">\n\t\t\t<div class=\"elementor-widget-wrap elementor-element-populated\">\n\t\t\t\t\t\t<div class=\"elementor-element elementor-element-bce4fb3 elementor-widget__width-auto elementor-widget elementor-widget-heading\" data-id=\"bce4fb3\" data-element_type=\"widget\" data-e-type=\"widget\" data-widget_type=\"heading.default\">\n\t\t\t\t<div class=\"elementor-widget-container\">\n\t\t\t\t\t<h2 class=\"elementor-heading-title elementor-size-default\">International ISO\ncertifications<\/h2>\t\t\t\t<\/div>\n\t\t\t\t<\/div>\n\t\t\t\t\t<\/div>\n\t\t<\/div>\n\t\t\t\t\t<\/div>\n\t\t<\/section>\n\t\t\t\t<div class=\"elementor-element elementor-element-23d52d3 elementor-widget elementor-widget-text-editor\" data-id=\"23d52d3\" data-element_type=\"widget\" data-e-type=\"widget\" data-widget_type=\"text-editor.default\">\n\t\t\t\t<div class=\"elementor-widget-container\">\n\t\t\t\t\t\t\t\t\t<p><strong>Cloudware Polska implemented the quality and information security\nmanagement system under ISO 9001 and ISO 27001 in 2020.<\/strong><\/p><p>We hold two certifications that confirm the quality of the standards\nimplemented by us:<\/p><p><strong>ISO 9001:2015\u00a0Quality Management<\/strong><\/p><p><strong>ISO\/IEC 27001:2022 Zarz\u0105dzanie Bezpiecze\u0144stwem Informacji<\/strong><\/p><p>which jointly form <strong>the Integrated Quality Management System.<\/strong>\u00a0<\/p><p>We work to the highest standards and do not stop!\nThank you for trusting us!<\/p>\t\t\t\t\t\t\t\t<\/div>\n\t\t\t\t<\/div>\n\t\t\t\t\t<\/div>\n\t\t<\/div>\n\t\t\t\t<div class=\"elementor-column elementor-col-50 elementor-top-column elementor-element elementor-element-87bd882\" data-id=\"87bd882\" data-element_type=\"column\" data-e-type=\"column\">\n\t\t\t<div class=\"elementor-widget-wrap elementor-element-populated\">\n\t\t\t\t\t\t<div class=\"elementor-element elementor-element-2cd5454 elementor-widget elementor-widget-image\" data-id=\"2cd5454\" data-element_type=\"widget\" data-e-type=\"widget\" data-widget_type=\"image.default\">\n\t\t\t\t<div class=\"elementor-widget-container\">\n\t\t\t\t\t\t\t\t\t\t\t\t\t\t\t<img fetchpriority=\"high\" decoding=\"async\" width=\"432\" height=\"471\" src=\"https:\/\/cloudware.pl\/wp-content\/uploads\/2023\/02\/CERTYFIKATY-JAKOSCI-ISO.png\" class=\"attachment-large size-large wp-image-1081\" alt=\"\" srcset=\"https:\/\/cloudware.pl\/wp-content\/uploads\/2023\/02\/CERTYFIKATY-JAKOSCI-ISO.png 432w, https:\/\/cloudware.pl\/wp-content\/uploads\/2023\/02\/CERTYFIKATY-JAKOSCI-ISO-275x300.png 275w\" sizes=\"(max-width: 432px) 100vw, 432px\" \/>\t\t\t\t\t\t\t\t\t\t\t\t\t\t\t<\/div>\n\t\t\t\t<\/div>\n\t\t\t\t\t<\/div>\n\t\t<\/div>\n\t\t\t\t\t<\/div>\n\t\t<\/section>\n\t\t\t\t<section class=\"elementor-section elementor-top-section elementor-element elementor-element-1ee8b1b elementor-section-boxed elementor-section-height-default elementor-section-height-default\" data-id=\"1ee8b1b\" data-element_type=\"section\" data-e-type=\"section\">\n\t\t\t\t\t\t<div class=\"elementor-container elementor-column-gap-default\">\n\t\t\t\t\t<div class=\"elementor-column elementor-col-33 elementor-top-column elementor-element elementor-element-b58b292\" data-id=\"b58b292\" data-element_type=\"column\" data-e-type=\"column\">\n\t\t\t<div class=\"elementor-widget-wrap elementor-element-populated\">\n\t\t\t\t\t\t<div class=\"elementor-element elementor-element-c258f7e elementor-widget elementor-widget-html\" data-id=\"c258f7e\" data-element_type=\"widget\" data-e-type=\"widget\" data-widget_type=\"html.default\">\n\t\t\t\t<div class=\"elementor-widget-container\">\n\t\t\t\t\t<object data=\"https:\/\/cloudware.pl\/wp-content\/uploads\/2025\/04\/IS-720874-001.pdf\" type=\"application\/pdf\" width=\"400px\" height=\"600px\">\n<\/object>\t\t\t\t<\/div>\n\t\t\t\t<\/div>\n\t\t\t\t\t<\/div>\n\t\t<\/div>\n\t\t\t\t<div class=\"elementor-column elementor-col-33 elementor-top-column elementor-element elementor-element-baa7561\" data-id=\"baa7561\" data-element_type=\"column\" data-e-type=\"column\">\n\t\t\t<div class=\"elementor-widget-wrap elementor-element-populated\">\n\t\t\t\t\t\t<div class=\"elementor-element elementor-element-e3fe02e elementor-widget elementor-widget-html\" data-id=\"e3fe02e\" data-element_type=\"widget\" data-e-type=\"widget\" data-widget_type=\"html.default\">\n\t\t\t\t<div class=\"elementor-widget-container\">\n\t\t\t\t\t<object data=\"https:\/\/cloudware.pl\/wp-content\/uploads\/2025\/04\/FS-720876-001.pdf\" type=\"application\/pdf\" width=\"400px\" height=\"600px\">\n<\/object>\t\t\t\t<\/div>\n\t\t\t\t<\/div>\n\t\t\t\t\t<\/div>\n\t\t<\/div>\n\t\t\t\t<div class=\"elementor-column elementor-col-33 elementor-top-column elementor-element elementor-element-44af5ef\" data-id=\"44af5ef\" data-element_type=\"column\" data-e-type=\"column\">\n\t\t\t<div class=\"elementor-widget-wrap elementor-element-populated\">\n\t\t\t\t\t\t<div class=\"elementor-element elementor-element-c324e3b elementor-widget elementor-widget-html\" data-id=\"c324e3b\" data-element_type=\"widget\" data-e-type=\"widget\" data-widget_type=\"html.default\">\n\t\t\t\t<div class=\"elementor-widget-container\">\n\t\t\t\t\t<object data=\"https:\/\/cloudware.pl\/wp-content\/uploads\/2025\/04\/IS-720874-002.pdf\" type=\"application\/pdf\" width=\"400px\" height=\"600px\">\n<\/object>\t\t\t\t<\/div>\n\t\t\t\t<\/div>\n\t\t\t\t\t<\/div>\n\t\t<\/div>\n\t\t\t\t\t<\/div>\n\t\t<\/section>\n\t\t\t\t<\/div>","protected":false},"excerpt":{"rendered":"<p>Mi\u0119dzynarodowe certyfikaty ISO W 2020 r. Cloudware Polska wdro\u017cy\u0142o system zarz\u0105dzania jako\u015bci\u0105 oraz bezpiecze\u0144stwem informacji w oparciu o normy ISO 9001 oraz ISO 27001. Posiadamy dwa certyfikaty, po\u015bwiadczaj\u0105ce jako\u015b\u0107 wdro\u017conych przez nas norm: ISO 9001:2015 Zarz\u0105dzanie Jako\u015bci\u0105 ISO\/IEC 27001:2022 Zarz\u0105dzanie Bezpiecze\u0144stwem Informacji kt\u00f3re razem tworz\u0105 Zintegrowany System Zarz\u0105dzania Jako\u015bci\u0105.\u00a0 Pracujemy wed\u0142ug najwy\u017cszych standard\u00f3w i nie [&hellip;]<\/p>\n","protected":false},"author":1,"featured_media":0,"parent":0,"menu_order":0,"comment_status":"closed","ping_status":"closed","template":"","meta":{"footnotes":""},"class_list":["post-1056","page","type-page","status-publish","hentry"],"_links":{"self":[{"href":"https:\/\/cloudware.pl\/en\/wp-json\/wp\/v2\/pages\/1056","targetHints":{"allow":["GET"]}}],"collection":[{"href":"https:\/\/cloudware.pl\/en\/wp-json\/wp\/v2\/pages"}],"about":[{"href":"https:\/\/cloudware.pl\/en\/wp-json\/wp\/v2\/types\/page"}],"author":[{"embeddable":true,"href":"https:\/\/cloudware.pl\/en\/wp-json\/wp\/v2\/users\/1"}],"replies":[{"embeddable":true,"href":"https:\/\/cloudware.pl\/en\/wp-json\/wp\/v2\/comments?post=1056"}],"version-history":[{"count":19,"href":"https:\/\/cloudware.pl\/en\/wp-json\/wp\/v2\/pages\/1056\/revisions"}],"predecessor-version":[{"id":4977,"href":"https:\/\/cloudware.pl\/en\/wp-json\/wp\/v2\/pages\/1056\/revisions\/4977"}],"wp:attachment":[{"href":"https:\/\/cloudware.pl\/en\/wp-json\/wp\/v2\/media?parent=1056"}],"curies":[{"name":"wp","href":"https:\/\/api.w.org\/{rel}","templated":true}]}}