{"id":1054,"date":"2023-02-12T10:00:26","date_gmt":"2023-02-12T10:00:26","guid":{"rendered":"http:\/\/137.117.179.127\/?page_id=1054"},"modified":"2026-01-30T14:42:55","modified_gmt":"2026-01-30T13:42:55","slug":"polityka-prywatnosci","status":"publish","type":"page","link":"https:\/\/cloudware.pl\/en\/polityka-prywatnosci\/","title":{"rendered":"Privacy Policy"},"content":{"rendered":"<div data-elementor-type=\"wp-page\" data-elementor-id=\"1054\" class=\"elementor elementor-1054\" data-elementor-post-type=\"page\">\n\t\t\t\t\t\t<section class=\"elementor-section elementor-top-section elementor-element elementor-element-a5d43b3 elementor-section-boxed elementor-section-height-default elementor-section-height-default\" data-id=\"a5d43b3\" data-element_type=\"section\" data-e-type=\"section\">\n\t\t\t\t\t\t<div class=\"elementor-container elementor-column-gap-default\">\n\t\t\t\t\t<div class=\"elementor-column elementor-col-100 elementor-top-column elementor-element elementor-element-c17140d\" data-id=\"c17140d\" data-element_type=\"column\" data-e-type=\"column\">\n\t\t\t<div class=\"elementor-widget-wrap elementor-element-populated\">\n\t\t\t\t\t\t<section class=\"elementor-section elementor-inner-section elementor-element elementor-element-e85f9f1 elementor-section-content-middle elementor-section-boxed elementor-section-height-default elementor-section-height-default\" data-id=\"e85f9f1\" data-element_type=\"section\" data-e-type=\"section\">\n\t\t\t\t\t\t<div class=\"elementor-container elementor-column-gap-no\">\n\t\t\t\t\t<div class=\"elementor-column elementor-col-50 elementor-inner-column elementor-element elementor-element-cd919dc\" data-id=\"cd919dc\" data-element_type=\"column\" data-e-type=\"column\">\n\t\t\t<div class=\"elementor-widget-wrap elementor-element-populated\">\n\t\t\t\t\t\t<div class=\"elementor-element elementor-element-7dcce2b elementor-widget__width-auto elementor-widget elementor-widget-heading\" data-id=\"7dcce2b\" data-element_type=\"widget\" data-e-type=\"widget\" data-widget_type=\"heading.default\">\n\t\t\t\t<div class=\"elementor-widget-container\">\n\t\t\t\t\t<h2 class=\"elementor-heading-title elementor-size-default\">Privacy Policy<\/h2>\t\t\t\t<\/div>\n\t\t\t\t<\/div>\n\t\t\t\t\t<\/div>\n\t\t<\/div>\n\t\t\t\t<div class=\"elementor-column elementor-col-50 elementor-inner-column elementor-element elementor-element-25e58d2\" data-id=\"25e58d2\" data-element_type=\"column\" data-e-type=\"column\">\n\t\t\t<div class=\"elementor-widget-wrap elementor-element-populated\">\n\t\t\t\t\t\t<div class=\"elementor-element elementor-element-f7ce4b5 elementor-widget elementor-widget-spacer\" data-id=\"f7ce4b5\" data-element_type=\"widget\" data-e-type=\"widget\" data-widget_type=\"spacer.default\">\n\t\t\t\t<div class=\"elementor-widget-container\">\n\t\t\t\t\t\t\t<div class=\"elementor-spacer\">\n\t\t\t<div class=\"elementor-spacer-inner\"><\/div>\n\t\t<\/div>\n\t\t\t\t\t\t<\/div>\n\t\t\t\t<\/div>\n\t\t\t\t\t<\/div>\n\t\t<\/div>\n\t\t\t\t\t<\/div>\n\t\t<\/section>\n\t\t\t\t<div class=\"elementor-element elementor-element-07b193a elementor-widget elementor-widget-text-editor\" data-id=\"07b193a\" data-element_type=\"widget\" data-e-type=\"widget\" data-widget_type=\"text-editor.default\">\n\t\t\t\t<div class=\"elementor-widget-container\">\n\t\t\t\t\t\t\t\t\t<p><strong>POLITYKA PRYWATNO\u015aCI<\/strong><\/p><p>Niniejszy dokument (Polityka prywatno\u015bci) dotyczy serwisu dost\u0119pnego pod adresem <a href=\"https:\/\/cloudware.pl\/en\/\">https:\/\/cloudware.pl\/<\/a> (Serwis) oraz kont w mediach spo\u0142eczno\u015bciowych, prowadzonych przez Administratora. Informacje o przetwarzaniu danych przez Administratora w innych celach (jak rekrutacja) dost\u0119pne s\u0105 pod adresem https:\/\/cloudware.pl\/obowiazek-informacyjny\/<\/p><p>Zgodnie z art. 13 ust. 1 i 2 Rozporz\u0105dzenia Parlamentu Europejskiego i Rady (UE) 2016\/679 z dnia 27 kwietnia 2016 r. w sprawie ochrony os\u00f3b fizycznych w zwi\u0105zku z przetwarzaniem danych osobowych i w sprawie swobodnego przep\u0142ywu takich danych oraz uchylenia dyrektywy 95\/46\/WE (og\u00f3lne rozporz\u0105dzenie o ochronie danych) (\u201e<strong>RODO<\/strong>\u201d) informujemy, \u017ce:<\/p><p><strong>ADMINISTRATOR DANYCH OSOBOWYCH<\/strong><\/p><p>Administratorem Pa\u0144stwa danych osobowych jest Cloudware Polska Sp. z o.o. z siedzib\u0105 w Warszawie przy ul. J\u00f3zefa Piusa Dzieko\u0144skiego 1, 00-728 Warszawa, zarejestrowan\u0105 w rejestrze przedsi\u0119biorc\u00f3w prowadzonym przez S\u0105d Rejonowy dla m. st. Warszawy w Warszawie, XIII Wydzia\u0142 Gospodarczy Krajowego Rejestru S\u0105dowego pod numerem KRS 0000360267, NIP 7010244049 (\u201e<strong>Administrator<\/strong>\u201d).<\/p><p>Kontakt z Administratorem jest mo\u017cliwy poprzez adres e-mail:\u00a0<a href=\"mailto:rodo@cloudware.pl\">rodo@cloudware.pl<\/a> lub pisemnie na wy\u017cej podany adres.<\/p><p>Dane osobowe zbieramy bezpo\u015brednio od Pa\u0144stwa w ramach u\u017cytkowania naszej strony internetowej, wymiany korespondencji elektronicznej, odwiedzin naszych profili na mediach spo\u0142eczno\u015bciowych.<\/p><p>Podanie danych osobowych jest co do zasady dobrowolne, jednak w niekt\u00f3rych przypadkach ich niepodanie mo\u017ce uniemo\u017cliwi\u0107 realizacj\u0119 okre\u015blonych cel\u00f3w przetwarzania.<\/p><p><strong>CELE I PODSTAWY PRZETWARZANIA<\/strong><\/p><table width=\"756\"><tbody><tr><td width=\"189\"><p><strong>Cel<\/strong><\/p><\/td><td width=\"340\"><p><strong>Podstawa przetwarzania<\/strong><\/p><\/td><td width=\"227\"><p><strong>Okres przetwarzania<\/strong><\/p><\/td><\/tr><tr><td width=\"189\"><p><strong>Formularz kontaktowy<\/strong><\/p><p>\u00a0<\/p><\/td><td width=\"340\"><p>Administrator przetwarza Pa\u0144stwa dane osobowe, na podstawie art. 6 ust. 1 lit. f RODO, poniewa\u017c przetwarzanie jest niezb\u0119dne do cel\u00f3w wynikaj\u0105cych z prawnie uzasadnionych interes\u00f3w realizowanych przez Administratora takich jak udzielanie odpowiedzi na Pa\u0144stwa pytanie zadane w formularzu kontaktowym.<\/p><\/td><td width=\"227\"><p>Pa\u0144stwa dane b\u0119d\u0105 przechowywane przez okres niezb\u0119dny do udzielenia odpowiedzi i wyja\u015bnie\u0144, jednak\u017ce nie d\u0142u\u017cej ni\u017c przez okres 1 roku od momentu nawi\u0105zania kontaktu z Administratorem.<\/p><\/td><\/tr><tr><td width=\"189\"><p><strong>Kontakt z Administratorem<\/strong><\/p><p><strong>\u00a0<\/strong><\/p><\/td><td width=\"340\"><p>Administrator przetwarza Pa\u0144stwa dane osobowe, na podstawie art. 6 ust. 1 lit. f RODO, poniewa\u017c przetwarzanie jest niezb\u0119dne do cel\u00f3w wynikaj\u0105cych z prawnie uzasadnionych interes\u00f3w realizowanych przez Administratora takich jak udzielanie odpowiedzi na Pa\u0144stwa pytanie zadane w wiadomo\u015bci e-mail, nawi\u0105zywanie i utrzymywanie relacji w ramach dzia\u0142alno\u015bci gospodarczej.<\/p><\/td><td width=\"227\"><p>Pa\u0144stwa dane b\u0119d\u0105 przechowywane przez okres niezb\u0119dny do udzielenia odpowiedzi i\u00a0wyja\u015bnie\u0144, jednak\u017ce nie d\u0142u\u017cej ni\u017c przez okres 1 roku od momentu nawi\u0105zania kontaktu z Administratorem.<\/p><p>\u00a0<\/p><\/td><\/tr><\/tbody><\/table><p><strong>\u00a0<\/strong><\/p><p><strong>Wtyczki medi\u00f3w spo\u0142eczno\u015bciowych<\/strong><\/p><p>Na naszej stronie internetowej wykorzystywane s\u0105 wtyczki medi\u00f3w spo\u0142eczno\u015bciowych z sieci Facebook (Meta Pixel), Youtube, Instagram oraz LinkedIn.<\/p><p><strong>Facebook<\/strong><\/p><ol><li>Administrator przetwarza dane w celu prowadzenia konta w serwisie spo\u0142eczno\u015bciowym Facebook.<\/li><li>W zakresie wskazanym w dokumencie <a href=\"https:\/\/www.facebook.com\/legal\/controller_addendum\">https:\/\/www.facebook.com\/legal\/controller_addendum<\/a>\u00a0Administrator oraz Meta Platforms Ireland Limited (Merrion Road, Dublin 4, D04 X2K5, Ireland) s\u0105 wsp\u00f3\u0142administratorami danych w rozumieniu art. 26 RODO. Informacje na temat przetwarzania danych w ramach Facebook dost\u0119pne s\u0105 pod adresem\u00a0<a href=\"https:\/\/www.facebook.com\/privacy\/policy\/\">https:\/\/www.facebook.com\/privacy\/policy\/<\/a>.<\/li><li>Zakres danych obejmuje imi\u0119, nazwisko oraz inne dane, ujawnione przez u\u017cytkownika Facebooka (zgodnie z jego ustawieniami prywatno\u015bci).<\/li><li>Celem przetwarzania danych osobowych jest promowanie marki Administratora, udzielanie odpowiedzi na pytania oraz inne interakcje w ramach serwisu spo\u0142eczno\u015bciowego Facebook (art. 6 ust. 1 lit. f RODO \u2013 prawnie uzasadniony interes).<\/li><li>Dane b\u0119d\u0105 przetwarzane przez okres prowadzenia kont Administratora na Facebooku lub do momentu usuni\u0119cia przez u\u017cytkownika w\u0142asnego konta na Facebooku, o ile wcze\u015bniej nie zostanie z\u0142o\u017cony skuteczny sprzeciw.<\/li><\/ol><p>\u00a0<\/p><p><a name=\"_Toc193711368\"><\/a><a name=\"_Toc193711369\"><\/a><strong>YouTube<\/strong><\/p><ol><li>Administrator przetwarza dane w celu prowadzenia konta w serwisie spo\u0142eczno\u015bciowym YouTube.<\/li><li>Informacje na temat przetwarzania danych w ramach YouTube dost\u0119pne s\u0105 pod adresem\u00a0<a href=\"https:\/\/www.youtube.com\/howyoutubeworks\/our-commitments\/protecting-user-data\/\">https:\/\/www.youtube.com\/howyoutubeworks\/our-commitments\/protecting-user-data\/<\/a>.<\/li><li>Zakres danych obejmuje imi\u0119, nazwisko oraz inne dane, ujawnione przez u\u017cytkownika YouTube (zgodnie z jego ustawieniami prywatno\u015bci).<\/li><li>Celem przetwarzania danych osobowych jest promowanie marki Administratora, udzielanie odpowiedzi na pytania oraz inne interakcje w ramach serwisu spo\u0142eczno\u015bciowego YouTube (art. 6 ust. 1 lit. f RODO \u2013 prawnie uzasadniony interes).<\/li><li>Dane b\u0119d\u0105 przetwarzane przez okres prowadzenia kont Administratora na YouTube lub do momentu usuni\u0119cia przez u\u017cytkownika w\u0142asnego konta na YouTube, o ile wcze\u015bniej nie zostanie z\u0142o\u017cony skuteczny sprzeciw.<\/li><\/ol><p>\u00a0<\/p><p><strong>Instagram<\/strong><\/p><ol><li>Administrator przetwarza dane w celu prowadzenia konta w serwisie spo\u0142eczno\u015bciowym Instagram.<\/li><li>Informacje na temat przetwarzania danych w ramach Instagram dost\u0119pne s\u0105 pod adresem\u00a0<a href=\"https:\/\/privacycenter.instagram.com\/policy\">https:\/\/privacycenter.instagram.com\/policy<\/a>.<\/li><li>Zakres danych obejmuje imi\u0119, nazwisko oraz inne dane, ujawnione przez u\u017cytkownika Instagram (zgodnie z jego ustawieniami prywatno\u015bci).<\/li><li>Celem przetwarzania danych osobowych jest promowanie marki Administratora, udzielanie odpowiedzi na pytania oraz inne interakcje w ramach serwisu spo\u0142eczno\u015bciowego Instagram (art. 6 ust. 1 lit. f RODO \u2013 prawnie uzasadniony interes).<\/li><li>Dane b\u0119d\u0105 przetwarzane przez okres prowadzenia kont Administratora na Instagram lub do momentu usuni\u0119cia przez u\u017cytkownika w\u0142asnego konta na Instagram, o ile wcze\u015bniej nie zostanie z\u0142o\u017cony skuteczny sprzeciw.<\/li><\/ol><p>\u00a0<\/p><p><strong>LinkedIn: <\/strong><\/p><ol><li>Administrator przetwarza dane w celu prowadzenia konta w serwisie spo\u0142eczno\u015bciowym LinkedIn.<\/li><li>Informacje na temat przetwarzania danych w ramach LinkedIn dost\u0119pne s\u0105 pod adresem: <a href=\"https:\/\/pl.linkedin.com\/legal\/privacy-policy\">https:\/\/pl.linkedin.com\/legal\/privacy-policy<\/a><\/li><li>Zakres danych obejmuje imi\u0119, nazwisko oraz inne dane, ujawnione przez u\u017cytkownika LinkedIn (zgodnie z jego ustawieniami prywatno\u015bci).<\/li><li>Celem przetwarzania danych osobowych jest promowanie marki Administratora, udzielanie odpowiedzi na pytania oraz inne interakcje w ramach serwisu spo\u0142eczno\u015bciowego LinkedIn (art. 6 ust. 1 lit. f RODO \u2013 prawnie uzasadniony interes).<\/li><li>Dane b\u0119d\u0105 przetwarzane przez okres prowadzenia kont Administratora na LinkedIn lub do momentu usuni\u0119cia przez u\u017cytkownika w\u0142asnego konta na LinkedIn, o ile wcze\u015bniej nie zostanie z\u0142o\u017cony skuteczny sprzeciw.<\/li><\/ol><p>\u00a0<\/p><p><strong>Odno\u015bniki do\u00a0innych stron<\/strong><\/p><p>Na naszej stronie internetowej znajduj\u0105 si\u0119 r\u00f3wnie\u017c odno\u015bniki do\u00a0innych stron internetowych. Zasady korzystania ze\u00a0stron internetowych i\u00a0zachowania prywatno\u015bci u\u017cytkownik\u00f3w stron, do\u00a0kt\u00f3rych u\u017cytkownik zostaje przekierowany za\u00a0pomoc\u0105 odno\u015bnika, s\u0105\u00a0zamieszczone na\u00a0tych stronach.<\/p><p><strong>ODBIORCY DANYCH OSOBOWYCH<\/strong><\/p><p>W\u00a0zwi\u0105zku z\u00a0dzia\u0142aniem strony i\u00a0realizacj\u0105 us\u0142ug, Pa\u0144stwa dane osobowe mog\u0105 by\u0107 ujawniane zewn\u0119trznym podmiotom, kt\u00f3rymi s\u0105 w\u0142a\u015bciciele portali spo\u0142eczno\u015bciowych oraz serwis\u00f3w internetowych, dostawcy wykorzystywanych przez nas system\u00f3w i rozwi\u0105za\u0144 informatycznych. Ka\u017cdorazowo s\u0105 to podmioty profesjonalne, kt\u00f3re specjalizuj\u0105 si\u0119 w \u015bwiadczonych przez siebie us\u0142ugach.<\/p><p>Ujawnienie dokonane jest zawsze w ramach obowi\u0105zuj\u0105cych przepis\u00f3w prawa i wy\u0142\u0105cznie, po\u00a0weryfikacji takiego podmiotu, pod k\u0105tem zagwarantowania przez niego wdro\u017cenia odpowiednich rozwi\u0105za\u0144 technicznych i organizacyjnych, umo\u017cliwiaj\u0105cych ochron\u0119 Pa\u0144stwa danych osobowych, a tak\u017ce spe\u0142nienia przez nie wymog\u00f3w wskazanych w przepisach z zakresu ochrony danych osobowych, w tym RODO.<\/p><p><strong>PRAWA OSOBY, KT\u00d3REJ DANE DOTYCZ\u0104<\/strong><\/p><p>W zwi\u0105zku z przetwarzaniem przez Administratora Pa\u0144stwa danych osobowych, mog\u0105 Pa\u0144stwo zawsze skorzysta\u0107 z nast\u0119puj\u0105cych praw, kt\u00f3re okre\u015blone zosta\u0142y na gruncie RODO:<\/p><ol><li>prawa dost\u0119pu do swoich danych osobowych i zasad ich ochrony\u00a0<\/li><li>prawa do sprostowania danych,\u00a0<\/li><li>prawa do usuni\u0119cia danych,\u00a0<\/li><li>prawo wniesienia sprzeciwu wzgl\u0119dem przetwarzania danych przez Administratora,\u00a0<\/li><li>prawa do ograniczenia przetwarzania danych oraz\u00a0<\/li><li>prawa do przenoszenia danych do innego administratora danych.<\/li><\/ol><p>\u00a0<\/p><p>Z praw wskazanych powy\u017cej mog\u0105 Pa\u0144stwo skorzysta\u0107\u00a0kontaktuj\u0105c si\u0119 z Administratorem za\u00a0po\u015brednictwem ww. adresu e-mail lub pisemnie, na adres siedziby Administratora.<\/p><p>Je\u017celi uznaj\u0105 Pa\u0144stwo, \u017ce Administrator w jakikolwiek spos\u00f3b naruszy\u0142 zasady przetwarzania Pa\u0144stwa danych osobowych, przys\u0142uguje Pa\u0144stwu prawo do z\u0142o\u017cenia bezpo\u015bredniej skargi do organu nadzoru, tj. Prezesa Urz\u0119du Ochrony Danych Osobowych. Spos\u00f3b sk\u0142adania wy\u017cej wymienionej skargi zosta\u0142 okre\u015blony na stronie internetowej Urz\u0119du Ochrony Danych Osobowych pod adresem:\u00a0<a href=\"https:\/\/uodo.gov.pl\/pl\/83\/155\">https:\/\/uodo.gov.pl\/pl\/83\/155<\/a>.<\/p><p>Okre\u015blone powy\u017cej prawo sprzeciwu wzgl\u0119dem przetwarzania danych osobowych przez Administratora polega na zg\u0142oszeniu przez Pa\u0144stwa sprzeciwu, gdy ze wzgl\u0119du na Pa\u0144stwa szczeg\u00f3ln\u0105 sytuacj\u0119 nie chc\u0105 Pa\u0144stwo, by Administrator dalej przetwarza\u0142 Pa\u0144stwa dane w celu wynikaj\u0105cym z jego prawnie uzasadnionego interesu. W niekt\u00f3rych sytuacjach (np. obrona przed zg\u0142aszanymi roszczeniami), interes Administratora mo\u017ce mie\u0107 pierwsze\u0144stwo wobec Pa\u0144stwa praw i wolno\u015bci \u2013 w\u00f3wczas b\u0119dzie to skutkowa\u0142o nieuwzgl\u0119dnieniem sprzeciwu.<\/p><p>Je\u017celi Pa\u0144stwa sprzeciw dotyczy\u0107 b\u0119dzie realizowanych przez Administratora cel\u00f3w w zakresie marketingu, nie musi on by\u0107 jakkolwiek uzasadniony i b\u0119dzie zawsze uwzgl\u0119dniony.<\/p><p><strong>PRZEKAZYWANIE DANYCH POZA EUROPEJSKI OBSZAR GOSPODARCZY<\/strong><\/p><p>W ramach wykonywania naszych us\u0142ug, Administrator korzysta z narz\u0119dzi udost\u0119pnianych przez podmioty zewn\u0119trzne, kt\u00f3rych siedziba czasem znajduje si\u0119 poza terenem Europejskiego Obszaru Gospodarczego (tzw. pa\u0144stw trzecich). Je\u017celi dojdzie do takiego transferu Pa\u0144stwa danych osobowych, b\u0119dzie to ka\u017cdorazowo przeprowadzone w oparciu o regu\u0142y wskazane w prawie ochrony danych osobowych, w tym do kraj\u00f3w, co do kt\u00f3rych Komisja Europejska wyda\u0142a decyzj\u0119 stwierdzaj\u0105c\u0105, \u017ce kraje te zapewniaj\u0105 odpowiedni stopie\u0144 ochrony danych osobowych. W niezb\u0119dnych przypadkach, Administrator poinformuje Pa\u0144stwa o takim transferze.<\/p><p>Administrator we w\u0142asnym zakresie nie planuje bezpo\u015brednio przekazywa\u0107 danych do pa\u0144stw trzecich (czyli poza Europejski Obszar Gospodarczy \u2013 EOG) ani do organizacji mi\u0119dzynarodowych, jednak specyfika dzia\u0142ania medi\u00f3w spo\u0142eczno\u015bciowych oraz serwis\u00f3w internetowych i ich mi\u0119dzynarodowy charakter powoduj\u0105, \u017ce potencjalnie mo\u017cliwy jest transfer danych poza EOG, co nie jest zale\u017cne od Administratora. Podstaw\u0105 takiego transferu s\u0105 standardowe klauzule umowne zatwierdzone przez Komisj\u0119 Europejsk\u0105, za\u015b w przypadku transferu na teren USA \u2013 Decyzja Wykonawcza Komisji Europejskiej z dnia 10 lipca 2023 r. stwierdzaj\u0105ca adekwatno\u015b\u0107 ochrony w odniesieniu do bezpiecznego i zaufanego przep\u0142ywu danych mi\u0119dzy UE a USA (tzw. Data Privacy Framework).<\/p><p><strong>AKTUALNA WERSJA POLITYKI<\/strong><\/p><p>Administrator zastrzega sobie prawo dokonywania zmian niniejszej polityki zgodnie z obowi\u0105zuj\u0105cymi przepisami prawnymi. Aktualna wersja polityki obowi\u0105zuje od dnia 30.01.2026 r. \u00a0<\/p><p>\u00a0<\/p><p>\u00a0<\/p><p>\u00a0<\/p><p>\u00a0<\/p>\t\t\t\t\t\t\t\t<\/div>\n\t\t\t\t<\/div>\n\t\t\t\t\t<\/div>\n\t\t<\/div>\n\t\t\t\t\t<\/div>\n\t\t<\/section>\n\t\t\t\t<\/div>","protected":false},"excerpt":{"rendered":"<p>Polityka prywatno\u015bci POLITYKA PRYWATNO\u015aCI Niniejszy dokument (Polityka prywatno\u015bci) dotyczy serwisu dost\u0119pnego pod adresem https:\/\/cloudware.pl\/ (Serwis) oraz kont w mediach spo\u0142eczno\u015bciowych, prowadzonych przez Administratora. Informacje o przetwarzaniu danych przez Administratora w innych celach (jak rekrutacja) dost\u0119pne s\u0105 pod adresem https:\/\/cloudware.pl\/obowiazek-informacyjny\/ Zgodnie z art. 13 ust. 1 i 2 Rozporz\u0105dzenia Parlamentu Europejskiego i Rady (UE) 2016\/679 z [&hellip;]<\/p>\n","protected":false},"author":1,"featured_media":0,"parent":0,"menu_order":0,"comment_status":"closed","ping_status":"closed","template":"","meta":{"footnotes":""},"class_list":["post-1054","page","type-page","status-publish","hentry"],"_links":{"self":[{"href":"https:\/\/cloudware.pl\/en\/wp-json\/wp\/v2\/pages\/1054","targetHints":{"allow":["GET"]}}],"collection":[{"href":"https:\/\/cloudware.pl\/en\/wp-json\/wp\/v2\/pages"}],"about":[{"href":"https:\/\/cloudware.pl\/en\/wp-json\/wp\/v2\/types\/page"}],"author":[{"embeddable":true,"href":"https:\/\/cloudware.pl\/en\/wp-json\/wp\/v2\/users\/1"}],"replies":[{"embeddable":true,"href":"https:\/\/cloudware.pl\/en\/wp-json\/wp\/v2\/comments?post=1054"}],"version-history":[{"count":28,"href":"https:\/\/cloudware.pl\/en\/wp-json\/wp\/v2\/pages\/1054\/revisions"}],"predecessor-version":[{"id":5822,"href":"https:\/\/cloudware.pl\/en\/wp-json\/wp\/v2\/pages\/1054\/revisions\/5822"}],"wp:attachment":[{"href":"https:\/\/cloudware.pl\/en\/wp-json\/wp\/v2\/media?parent=1054"}],"curies":[{"name":"wp","href":"https:\/\/api.w.org\/{rel}","templated":true}]}}