{"id":1050,"date":"2023-02-12T09:59:50","date_gmt":"2023-02-12T09:59:50","guid":{"rendered":"http:\/\/137.117.179.127\/?page_id=1050"},"modified":"2026-01-30T14:25:17","modified_gmt":"2026-01-30T13:25:17","slug":"obowiazek-informacyjny","status":"publish","type":"page","link":"https:\/\/cloudware.pl\/en\/obowiazek-informacyjny\/","title":{"rendered":"Privacy notice"},"content":{"rendered":"<div data-elementor-type=\"wp-page\" data-elementor-id=\"1050\" class=\"elementor elementor-1050\" data-elementor-post-type=\"page\">\n\t\t\t\t\t\t<section class=\"elementor-section elementor-top-section elementor-element elementor-element-4ae9361 elementor-section-boxed elementor-section-height-default elementor-section-height-default\" data-id=\"4ae9361\" data-element_type=\"section\" data-e-type=\"section\">\n\t\t\t\t\t\t<div class=\"elementor-container elementor-column-gap-default\">\n\t\t\t\t\t<div class=\"elementor-column elementor-col-100 elementor-top-column elementor-element elementor-element-3a5cc1c\" data-id=\"3a5cc1c\" data-element_type=\"column\" data-e-type=\"column\">\n\t\t\t<div class=\"elementor-widget-wrap elementor-element-populated\">\n\t\t\t\t\t\t<section class=\"elementor-section elementor-inner-section elementor-element elementor-element-ac921a1 elementor-section-content-middle elementor-section-boxed elementor-section-height-default elementor-section-height-default\" data-id=\"ac921a1\" data-element_type=\"section\" data-e-type=\"section\">\n\t\t\t\t\t\t<div class=\"elementor-container elementor-column-gap-no\">\n\t\t\t\t\t<div class=\"elementor-column elementor-col-50 elementor-inner-column elementor-element elementor-element-18f50b2\" data-id=\"18f50b2\" data-element_type=\"column\" data-e-type=\"column\">\n\t\t\t<div class=\"elementor-widget-wrap elementor-element-populated\">\n\t\t\t\t\t\t<div class=\"elementor-element elementor-element-87824e6 elementor-widget__width-auto elementor-widget elementor-widget-heading\" data-id=\"87824e6\" data-element_type=\"widget\" data-e-type=\"widget\" data-widget_type=\"heading.default\">\n\t\t\t\t<div class=\"elementor-widget-container\">\n\t\t\t\t\t<h2 class=\"elementor-heading-title elementor-size-default\">Privacy notice<\/h2>\t\t\t\t<\/div>\n\t\t\t\t<\/div>\n\t\t\t\t\t<\/div>\n\t\t<\/div>\n\t\t\t\t<div class=\"elementor-column elementor-col-50 elementor-inner-column elementor-element elementor-element-97e6961\" data-id=\"97e6961\" data-element_type=\"column\" data-e-type=\"column\">\n\t\t\t<div class=\"elementor-widget-wrap elementor-element-populated\">\n\t\t\t\t\t\t<div class=\"elementor-element elementor-element-bb5c835 elementor-widget elementor-widget-spacer\" data-id=\"bb5c835\" data-element_type=\"widget\" data-e-type=\"widget\" data-widget_type=\"spacer.default\">\n\t\t\t\t<div class=\"elementor-widget-container\">\n\t\t\t\t\t\t\t<div class=\"elementor-spacer\">\n\t\t\t<div class=\"elementor-spacer-inner\"><\/div>\n\t\t<\/div>\n\t\t\t\t\t\t<\/div>\n\t\t\t\t<\/div>\n\t\t\t\t\t<\/div>\n\t\t<\/div>\n\t\t\t\t\t<\/div>\n\t\t<\/section>\n\t\t\t\t<div class=\"elementor-element elementor-element-924344c elementor-widget elementor-widget-text-editor\" data-id=\"924344c\" data-element_type=\"widget\" data-e-type=\"widget\" data-widget_type=\"text-editor.default\">\n\t\t\t\t<div class=\"elementor-widget-container\">\n\t\t\t\t\t\t\t\t\t<p><strong>KLAUZULA INFORMACYJNA DLA OS\u00d3B BIOR\u0104CYCH UDZIA\u0141 W REKRUTACJI<\/strong><\/p><p>\u00a0<\/p><p>Administratorem Pa\u0144stwa danych osobowych w rozumieniu og\u00f3lnego rozporz\u0105dzenia<br \/>o ochronie danych (<strong>RODO<\/strong>) jest <strong>Cloudware Polska Sp\u00f3\u0142ka z ograniczon\u0105 odpowiedzialno\u015bci\u0105 (ul. J\u00f3zefa Piusa Dzieko\u0144skiego 1, 00-728 Warszawa; NIP 7010244049) (Administrator)<\/strong>. Kontakt z Administratorem: e-mail: <a href=\"mailto:rodo@cloudware.pl\">rodo@cloudware.pl<\/a>, telefon +48 22 5353888.<\/p><p>Pa\u0144stwa dane osobowe b\u0119d\u0105 przetwarzane w nast\u0119puj\u0105cych celach i przez nast\u0119puj\u0105cy czas:<\/p><table><tbody><tr><td width=\"141\"><p><strong>Osoba, kt\u00f3rej dane dotycz\u0105<\/strong><\/p><\/td><td width=\"261\"><p><strong>Cel i podstawa prawna<\/strong><\/p><\/td><td width=\"201\"><p><strong>Okres przechowywania<\/strong><\/p><\/td><\/tr><tr><td width=\"141\"><p>Osoby bior\u0105ce udzia\u0142 w rekrutacji (stanowisko na podstawie umowy o prac\u0119)<\/p><\/td><td width=\"261\"><p>1. Dzia\u0142anie zmierzaj\u0105ce do zawarcia umowy o prac\u0119 (art. 6 ust. 1 lit. b RODO).<\/p><p>2. Realizacja obowi\u0105zk\u00f3w prawnych, w szczeg\u00f3lno\u015bci wskazanych w Kodeksie pracy i ustawie o rachunkowo\u015bci (art. 6 ust. 1 lit. c RODO).<\/p><p>3. Obrona przed ewentualnymi roszczeniami, zwi\u0105zanymi z rekrutacj\u0105 (art. 6 ust. 1 lit. f RODO).<\/p><\/td><td width=\"201\"><p>Okres trwania obecnego procesu rekrutacyjnego.<\/p><p>\u00a0<\/p><p>Okres wymagany przepisami prawa<br \/>(w szczeg\u00f3lno\u015bci Kodeksem pracy).<\/p><p>\u00a0<\/p><p>Okres przedawnienia ewentualnych roszcze\u0144 (zgodnie z terminami wskazanymi w kodeksie cywilnym).<\/p><\/td><\/tr><tr><td width=\"141\"><p>Osoby bior\u0105ce udzia\u0142 w rekrutacji (stanowisko na podstawie umowy cywilnoprawnej)<\/p><\/td><td width=\"261\"><p>1. Dzia\u0142ania zmierzaj\u0105ce do zawarcia umowy cywilnoprawnej (art. 6 ust. 1 lit. b RODO).<\/p><p>2. Realizacja obowi\u0105zk\u00f3w prawnych, w szczeg\u00f3lno\u015bci wskazanych w Kodeksie cywilnym (art. 6 ust. 1 lit. c RODO).<\/p><p>3. Obrona przed ewentualnymi roszczeniami, zwi\u0105zanymi z rekrutacj\u0105 (art. 6 ust. 1 lit. f RODO).<\/p><\/td><td width=\"201\"><p>Okres trwania obecnego procesu rekrutacyjnego.<\/p><p>\u00a0<\/p><p>Okres wymagany przepisami prawa<br \/>(w szczeg\u00f3lno\u015bci Kodeksem cywilnym).<\/p><p>\u00a0<\/p><p>Okres przedawnienia ewentualnych roszcze\u0144 (zgodnie z terminami wskazanymi w Kodeksie cywilnym).<\/p><\/td><\/tr><\/tbody><\/table><p><br \/>Przetwarzanie obejmuje nast\u0119puj\u0105ce kategorie danych osobowych: imi\u0119 (imiona), nazwisko, dane kontaktowe (np. e-mail, telefon) oraz gdy jest to niezb\u0119dne do wykonywania zada\u0144 okre\u015blonego rodzaju lub na okre\u015blonym stanowisku, wykszta\u0142cenie, kwalifikacje zawodowe, przebieg dotychczasowego zatrudnienia.<\/p><p>Dodatkowo Administrator przetwarza informacje, przekazane przez Pa\u0144stwa w zakresie wykraczaj\u0105ce poza zakres wskazany powy\u017cej, np. zdj\u0119cie, zainteresowania itd. \u2013 za Pa\u0144stwa zgod\u0105 (art. 6 ust. 1 lit. a RODO). Dane te b\u0119d\u0105 przetwarzane do momentu ewentualnego wycofania przez Pa\u0144stwa zgody.<\/p><p>Odbiorcami danych mog\u0105 by\u0107 podmioty wsp\u00f3\u0142pracuj\u0105ce z Administratorem przy prowadzeniu rekrutacji, w szczeg\u00f3lno\u015bci Just Join IT Sp. z o.o. (RockedJobs), No Fluff Jobs Sp. z o.o. oraz Microsoft Ireland Operations Limited, a tak\u017ce podmioty, kt\u00f3rym Administrator powierzy\u0142 przetwarzanie danych osobowych na podstawie zawartych um\u00f3w, w tym dostawcy system\u00f3w i rozwi\u0105za\u0144 informatycznych wykorzystywanych przez Administratora.<\/p><p>Przys\u0142uguje Pa\u0144stwu prawo \u017c\u0105dania od Administratora dost\u0119pu do Pa\u0144stwa danych, ich sprostowania, usuni\u0119cia, ograniczenia przetwarzania lub przenoszenia \u2013 na zasadach okre\u015blonych w RODO. \u00a0<\/p><p>W sytuacji, w kt\u00f3rej podstaw\u0105 przetwarzania danych jest:<\/p><ul><li>Pa\u0144stwa zgoda (art. 6 ust. 1 lit. a RODO) &#8211; maj\u0105 Pa\u0144stwo prawo wycofania tej zgody (wycofanie zgody nie ma wp\u0142ywu na zgodno\u015b\u0107 z prawem przetwarzania, kt\u00f3re mia\u0142o miejsce przed wycofaniem zgody),<\/li><li>prawnie uzasadniony interes Administratora (art. 6 ust. 1 lit. f RODO) &#8211; maj\u0105 Pa\u0144stwo prawo wniesienia sprzeciwu wobec przetwarzania danych.<\/li><\/ul><p>Realizacja praw mo\u017ce odbywa\u0107 si\u0119 w szczeg\u00f3lno\u015bci przez kontakt z Administratorem.<\/p><p>Przys\u0142uguje Pa\u0144stwu ponadto prawo wniesienia skargi do organu nadzorczego (Prezes Urz\u0119du Ochrony Danych Osobowych; www.uodo.gov.pl).<\/p><p>Przekazanie danych (w zakresie wskazanym w przepisach) jest dobrowolne, ale jest warunkiem udzia\u0142u w rekrutacji. Odmowa podania danych mo\u017ce uniemo\u017cliwi\u0107 udzia\u0142<br \/>w rekrutacji.<\/p><p>Dane nie b\u0119d\u0105 wykorzystywane dla zautomatyzowanego podejmowania decyzji, w\u00a0tym profilowania, o\u00a0kt\u00f3rym mowa w\u00a0art.\u00a022\u00a0ust.\u00a01 i\u00a04 RODO.<\/p><p>\u00a0<\/p>\t\t\t\t\t\t\t\t<\/div>\n\t\t\t\t<\/div>\n\t\t\t\t\t<\/div>\n\t\t<\/div>\n\t\t\t\t\t<\/div>\n\t\t<\/section>\n\t\t\t\t<\/div>","protected":false},"excerpt":{"rendered":"<p>Obowi\u0105zek informacyjny KLAUZULA INFORMACYJNA DLA OS\u00d3B BIOR\u0104CYCH UDZIA\u0141 W REKRUTACJI \u00a0 Administratorem Pa\u0144stwa danych osobowych w rozumieniu og\u00f3lnego rozporz\u0105dzeniao ochronie danych (RODO) jest Cloudware Polska Sp\u00f3\u0142ka z ograniczon\u0105 odpowiedzialno\u015bci\u0105 (ul. J\u00f3zefa Piusa Dzieko\u0144skiego 1, 00-728 Warszawa; NIP 7010244049) (Administrator). Kontakt z Administratorem: e-mail: rodo@cloudware.pl, telefon +48 22 5353888. Pa\u0144stwa dane osobowe b\u0119d\u0105 przetwarzane w nast\u0119puj\u0105cych [&hellip;]<\/p>\n","protected":false},"author":1,"featured_media":0,"parent":0,"menu_order":0,"comment_status":"closed","ping_status":"closed","template":"","meta":{"footnotes":""},"class_list":["post-1050","page","type-page","status-publish","hentry"],"_links":{"self":[{"href":"https:\/\/cloudware.pl\/en\/wp-json\/wp\/v2\/pages\/1050","targetHints":{"allow":["GET"]}}],"collection":[{"href":"https:\/\/cloudware.pl\/en\/wp-json\/wp\/v2\/pages"}],"about":[{"href":"https:\/\/cloudware.pl\/en\/wp-json\/wp\/v2\/types\/page"}],"author":[{"embeddable":true,"href":"https:\/\/cloudware.pl\/en\/wp-json\/wp\/v2\/users\/1"}],"replies":[{"embeddable":true,"href":"https:\/\/cloudware.pl\/en\/wp-json\/wp\/v2\/comments?post=1050"}],"version-history":[{"count":21,"href":"https:\/\/cloudware.pl\/en\/wp-json\/wp\/v2\/pages\/1050\/revisions"}],"predecessor-version":[{"id":5801,"href":"https:\/\/cloudware.pl\/en\/wp-json\/wp\/v2\/pages\/1050\/revisions\/5801"}],"wp:attachment":[{"href":"https:\/\/cloudware.pl\/en\/wp-json\/wp\/v2\/media?parent=1050"}],"curies":[{"name":"wp","href":"https:\/\/api.w.org\/{rel}","templated":true}]}}